{"id":463,"date":"2025-11-04T22:00:19","date_gmt":"2025-11-04T22:00:19","guid":{"rendered":"https:\/\/podo.bareskin.at\/?page_id=463"},"modified":"2025-11-23T10:06:00","modified_gmt":"2025-11-23T10:06:00","slug":"privacy-policy","status":"publish","type":"page","link":"https:\/\/podo.bareskin.at\/ru\/privacy-policy\/","title":{"rendered":"\u041f\u043e\u043b\u0438\u0442\u0438\u043a\u0430 \u043a\u043e\u043d\u0444\u0438\u0434\u0435\u043d\u0446\u0438\u0430\u043b\u044c\u043d\u043e\u0441\u0442\u0438"},"content":{"rendered":"<div data-elementor-type=\"wp-page\" data-elementor-id=\"463\" class=\"elementor elementor-463\" data-elementor-post-type=\"page\">\n\t\t\t\t<div class=\"elementor-element elementor-element-c56db1e e-flex e-con-boxed e-con e-parent\" data-id=\"c56db1e\" data-element_type=\"container\">\n\t\t\t\t\t<div class=\"e-con-inner\">\n\t\t\t\t<div class=\"elementor-element elementor-element-646c1a3 elementor-widget elementor-widget-heading\" data-id=\"646c1a3\" data-element_type=\"widget\" data-widget_type=\"heading.default\">\n\t\t\t\t<div class=\"elementor-widget-container\">\n\t\t\t\t\t<h2 class=\"elementor-heading-title elementor-size-default\">Datenschutzerkl\u00e4rung<\/h2>\t\t\t\t<\/div>\n\t\t\t\t<\/div>\n\t\t\t\t<div class=\"elementor-element elementor-element-ed430db elementor-widget elementor-widget-text-editor\" data-id=\"ed430db\" data-element_type=\"widget\" data-widget_type=\"text-editor.default\">\n\t\t\t\t<div class=\"elementor-widget-container\">\n\t\t\t\t\t\t\t\t\t<p><\/p><p class=\"p2\"><b>1. Allgemeine Informationen<\/b><\/p><p class=\"p3\">Der Schutz Ihrer pers\u00f6nlichen Daten ist uns ein besonderes Anliegen. Wir verarbeiten Ihre Daten daher ausschlie\u00dflich auf Grundlage der gesetzlichen Bestimmungen (DSGVO, TKG 2003). In dieser Datenschutzerkl\u00e4rung informieren wir Sie \u00fcber die wichtigsten Aspekte der Datenverarbeitung im Rahmen unserer Website <a href=\"https:\/\/podo.bareskin.at\/ru\/\"><span class=\"s1\"><b>https:\/\/podo.bareskin.at<\/b><\/span><\/a> und unserer Dienstleistungen.<\/p><p class=\"p2\"><b>2. Verantwortliche Stelle<\/b><\/p><p class=\"p3\"><b>Bareskin Podologie &amp; Kosmetik<\/b><br \/>Adresse: Wiedner Hauptstra\u00dfe 33, 1040 Wien<br \/>Telefon: +43 1 312323-1040<br \/>E-Mail: podo@beena.at<br \/>Website: <a href=\"https:\/\/podo.bareskin.at\/ru\/\"><span class=\"s1\">https:\/\/podo.bareskin.at<\/span><\/a><\/p><p class=\"p2\"><b>3. Erhebung und Speicherung personenbezogener Daten<\/b><\/p><p class=\"p3\">Wir erheben personenbezogene Daten ausschlie\u00dflich in dem Umfang, der f\u00fcr die Durchf\u00fchrung unserer Dienstleistungen erforderlich ist \u2013 etwa:<\/p><ul class=\"ul1\"><li class=\"li3\">Name, Telefonnummer, E-Mail-Adresse, Geburtsdatum bei Terminvereinbarung,<\/li><li class=\"li3\">Gesundheitsbezogene Angaben, soweit sie f\u00fcr podologische Behandlungen erforderlich sind,<\/li><li class=\"li3\">Zahlungs- und Rechnungsdaten.<\/li><\/ul><p class=\"p3\">Diese Daten werden nur mit Ihrer Einwilligung und ausschlie\u00dflich zur Terminverwaltung, Rechnungslegung, Behandlung und Kundenkommunikation verwendet.<\/p><p class=\"p2\"><b>4. Datenverarbeitung auf der Website<\/b><\/p><p class=\"p3\">Beim Besuch unserer Website werden automatisch folgende Daten erhoben (Server-Logfiles):<\/p><ul class=\"ul1\"><li class=\"li3\">IP-Adresse,<\/li><li class=\"li3\">Datum und Uhrzeit des Zugriffs,<\/li><li class=\"li3\">verwendeter Browser, Betriebssystem und Referrer-URL.<\/li><\/ul><p class=\"p3\">Diese Informationen dienen ausschlie\u00dflich der technischen Sicherheit und werden nicht personenbezogen ausgewertet.<\/p><p class=\"p2\"><b>5. Cookies und Analyse-Tools<\/b><\/p><p class=\"p3\">Unsere Website verwendet Cookies, um die Benutzerfreundlichkeit zu verbessern. Sie k\u00f6nnen das Speichern von Cookies in Ihren Browser-Einstellungen deaktivieren.<br \/>Wenn Analyse-Tools (z. B. Google Analytics) verwendet werden, geschieht dies ausschlie\u00dflich auf Grundlage Ihrer ausdr\u00fccklichen Zustimmung (Opt-In).<\/p><p class=\"p2\"><b>6. Terminbuchung und Kontaktformulare<\/b><\/p><p class=\"p3\">Wenn Sie \u00fcber unser Online-Formular, telefonisch oder per E-Mail einen Termin buchen, speichern wir die von Ihnen angegebenen Kontaktdaten zur Bearbeitung Ihrer Anfrage und f\u00fcr eventuelle R\u00fcckfragen. Diese Daten werden ohne Ihre Zustimmung nicht an Dritte weitergegeben.<\/p><p class=\"p2\"><b>7. Weitergabe von Daten<\/b><\/p><p class=\"p3\">Eine Weitergabe Ihrer personenbezogenen Daten erfolgt nur:<\/p><ul class=\"ul1\"><li class=\"li3\">an unsere Steuerberatung zur gesetzlich vorgeschriebenen Buchhaltung,<\/li><li class=\"li3\">an IT-Dienstleister (z. B. Hosting), sofern dies zur Bereitstellung der Website erforderlich ist.<\/li><\/ul><p class=\"p3\">In allen F\u00e4llen erfolgt die Weitergabe gem\u00e4\u00df den Anforderungen der DSGVO auf Basis eines Auftragsverarbeitungsvertrages.<\/p><p class=\"p2\"><b>8. Speicherung und L\u00f6schung der Daten<\/b><\/p><p class=\"p3\">Wir speichern personenbezogene Daten nur so lange, wie dies f\u00fcr die Erf\u00fcllung unserer vertraglichen und gesetzlichen Pflichten erforderlich ist.<br \/>Nach Wegfall des Speicherzwecks oder auf Ihren Wunsch werden die Daten gel\u00f6scht, sofern keine gesetzlichen Aufbewahrungspflichten bestehen.<\/p><p class=\"p2\"><b>9. Ihre Rechte<\/b><\/p><p class=\"p3\">Sie haben jederzeit das Recht auf<\/p><ul class=\"ul1\"><li class=\"li3\">Auskunft \u00fcber Ihre gespeicherten Daten,<\/li><li class=\"li3\">Berichtigung, L\u00f6schung oder Einschr\u00e4nkung der Verarbeitung,<\/li><li class=\"li3\">Widerruf Ihrer Einwilligung,<\/li><li class=\"li3\">Daten\u00fcbertragbarkeit,<\/li><li class=\"li3\">sowie Beschwerde bei der Datenschutzbeh\u00f6rde (www.dsb.gv.at).<\/li><\/ul><p class=\"p3\">Bitte wenden Sie sich hierzu an: <b>podo@beena.at<\/b><b><\/b><\/p><p class=\"p2\"><b>10. Datensicherheit<\/b><\/p><p class=\"p3\">Wir verwenden technische und organisatorische Sicherheitsma\u00dfnahmen, um Ihre Daten gegen Manipulation, Verlust oder unbefugten Zugriff zu sch\u00fctzen. Unsere Sicherheitsma\u00dfnahmen werden regelm\u00e4\u00dfig \u00fcberpr\u00fcft und dem technologischen Fortschritt angepasst.<\/p><p class=\"p2\"><b>11. \u00c4nderungen dieser Erkl\u00e4rung<\/b><\/p><p class=\"p3\">Wir behalten uns vor, diese Datenschutzerkl\u00e4rung bei Bedarf anzupassen, um aktuellen rechtlichen Anforderungen zu entsprechen oder \u00c4nderungen unserer Dienstleistungen umzusetzen. Es gilt stets die aktuelle, auf unserer Website ver\u00f6ffentlichte Version.<\/p><div style=\"all: initial !important;\">\u00a0<\/div><div style=\"all: initial !important;\">\u00a0<\/div><div style=\"all: initial !important;\">\u00a0<\/div><div style=\"all: initial !important;\">\u00a0<\/div><div style=\"all: initial !important;\">\u00a0<\/div><div style=\"all: initial !important;\">\u00a0<\/div>\t\t\t\t\t\t\t\t<\/div>\n\t\t\t\t<\/div>\n\t\t\t\t\t<\/div>\n\t\t\t\t<\/div>\n\t\t\t\t<\/div>","protected":false},"excerpt":{"rendered":"<p>Datenschutzerkl\u00e4rung 1. Allgemeine Informationen Der Schutz Ihrer pers\u00f6nlichen Daten ist uns ein besonderes Anliegen. Wir verarbeiten Ihre Daten daher ausschlie\u00dflich auf Grundlage der gesetzlichen Bestimmungen (DSGVO, TKG 2003). In dieser Datenschutzerkl\u00e4rung informieren wir Sie \u00fcber die wichtigsten Aspekte der Datenverarbeitung im Rahmen unserer Website https:\/\/podo.bareskin.at und unserer Dienstleistungen. 2. Verantwortliche Stelle Bareskin Podologie &amp; KosmetikAdresse: [&hellip;]<\/p>","protected":false},"author":2,"featured_media":0,"parent":0,"menu_order":93,"comment_status":"closed","ping_status":"closed","template":"","meta":{"footnotes":""},"class_list":["post-463","page","type-page","status-publish","hentry"],"_links":{"self":[{"href":"https:\/\/podo.bareskin.at\/ru\/wp-json\/wp\/v2\/pages\/463","targetHints":{"allow":["GET"]}}],"collection":[{"href":"https:\/\/podo.bareskin.at\/ru\/wp-json\/wp\/v2\/pages"}],"about":[{"href":"https:\/\/podo.bareskin.at\/ru\/wp-json\/wp\/v2\/types\/page"}],"author":[{"embeddable":true,"href":"https:\/\/podo.bareskin.at\/ru\/wp-json\/wp\/v2\/users\/2"}],"replies":[{"embeddable":true,"href":"https:\/\/podo.bareskin.at\/ru\/wp-json\/wp\/v2\/comments?post=463"}],"version-history":[{"count":4,"href":"https:\/\/podo.bareskin.at\/ru\/wp-json\/wp\/v2\/pages\/463\/revisions"}],"predecessor-version":[{"id":467,"href":"https:\/\/podo.bareskin.at\/ru\/wp-json\/wp\/v2\/pages\/463\/revisions\/467"}],"wp:attachment":[{"href":"https:\/\/podo.bareskin.at\/ru\/wp-json\/wp\/v2\/media?parent=463"}],"curies":[{"name":"wp","href":"https:\/\/api.w.org\/{rel}","templated":true}]}}