{"id":473,"date":"2025-11-04T22:21:53","date_gmt":"2025-11-04T22:21:53","guid":{"rendered":"https:\/\/podo.bareskin.at\/?page_id=473"},"modified":"2025-11-23T10:05:53","modified_gmt":"2025-11-23T10:05:53","slug":"impressum","status":"publish","type":"page","link":"https:\/\/podo.bareskin.at\/ru\/impressum\/","title":{"rendered":"Impressum"},"content":{"rendered":"<div data-elementor-type=\"wp-page\" data-elementor-id=\"473\" class=\"elementor elementor-473\" data-elementor-post-type=\"page\">\n\t\t\t\t<div class=\"elementor-element elementor-element-27bfd01 e-flex e-con-boxed e-con e-parent\" data-id=\"27bfd01\" data-element_type=\"container\">\n\t\t\t\t\t<div class=\"e-con-inner\">\n\t\t\t\t<div class=\"elementor-element elementor-element-1187495 elementor-widget elementor-widget-text-editor\" data-id=\"1187495\" data-element_type=\"widget\" data-widget_type=\"text-editor.default\">\n\t\t\t\t<div class=\"elementor-widget-container\">\n\t\t\t\t\t\t\t\t\t<p><br><\/p><p>Bareskin GmbH<br>ATU81122535 | FN:624789h<br>Schottenring 30 | 1010 Wien<br>Gesch\u00e4ftsf\u00fchrer: F\u00fcrst Anna<br>+43 1 312323 | info (at) beena.at<\/p>\n<p><strong>Filialen:<\/strong><\/p>\n<p>Schottenring 30<br>1010 Wien<\/p>\n<p>Wiedner Hauptstra\u00dfe 33<br>1040 Wien<\/p>\n<p>Ottakringer Stra\u00dfe 135<br>1160 Wien<\/p>\n<p>Tummelplatz 3<br>8010 Graz<\/p>\n<p>Lastenstra\u00dfe 19<br>4020 Linz<\/p>\t\t\t\t\t\t\t\t<\/div>\n\t\t\t\t<\/div>\n\t\t\t\t\t<\/div>\n\t\t\t\t<\/div>\n\t\t\t\t<\/div>","protected":false},"excerpt":{"rendered":"<p>Bareskin GmbHATU81122535 | FN:624789hSchottenring 30 | 1010 WienGesch\u00e4ftsf\u00fchrer: F\u00fcrst Anna+43 1 312323 | info (at) beena.at Filialen: Schottenring 301010 Wien Wiedner Hauptstra\u00dfe 331040 Wien Ottakringer Stra\u00dfe 1351160 Wien Tummelplatz 38010 Graz Lastenstra\u00dfe 194020 Linz<\/p>","protected":false},"author":2,"featured_media":0,"parent":0,"menu_order":90,"comment_status":"closed","ping_status":"closed","template":"","meta":{"footnotes":""},"class_list":["post-473","page","type-page","status-publish","hentry"],"_links":{"self":[{"href":"https:\/\/podo.bareskin.at\/ru\/wp-json\/wp\/v2\/pages\/473","targetHints":{"allow":["GET"]}}],"collection":[{"href":"https:\/\/podo.bareskin.at\/ru\/wp-json\/wp\/v2\/pages"}],"about":[{"href":"https:\/\/podo.bareskin.at\/ru\/wp-json\/wp\/v2\/types\/page"}],"author":[{"embeddable":true,"href":"https:\/\/podo.bareskin.at\/ru\/wp-json\/wp\/v2\/users\/2"}],"replies":[{"embeddable":true,"href":"https:\/\/podo.bareskin.at\/ru\/wp-json\/wp\/v2\/comments?post=473"}],"version-history":[{"count":17,"href":"https:\/\/podo.bareskin.at\/ru\/wp-json\/wp\/v2\/pages\/473\/revisions"}],"predecessor-version":[{"id":498,"href":"https:\/\/podo.bareskin.at\/ru\/wp-json\/wp\/v2\/pages\/473\/revisions\/498"}],"wp:attachment":[{"href":"https:\/\/podo.bareskin.at\/ru\/wp-json\/wp\/v2\/media?parent=473"}],"curies":[{"name":"wp","href":"https:\/\/api.w.org\/{rel}","templated":true}]}}